{"id":19,"date":"2024-03-19T17:54:53","date_gmt":"2024-03-19T22:54:53","guid":{"rendered":"https:\/\/hipfit-usa.com\/?page_id=19"},"modified":"2024-03-20T01:13:26","modified_gmt":"2024-03-20T06:13:26","slug":"home","status":"publish","type":"page","link":"https:\/\/hipfit-usa.com\/","title":{"rendered":"Home"},"content":{"rendered":"<p>[et_pb_section fb_built=\u00bb1&#8243; fullwidth=\u00bbon\u00bb _builder_version=\u00bb4.9.10&#8243; _module_preset=\u00bbdefault\u00bb background_image=\u00bbhttps:\/\/hipfit-usa.com\/wp-content\/uploads\/2024\/03\/hipfit-tapiz.png\u00bb][et_pb_fullwidth_image src=\u00bbhttps:\/\/hipfit-usa.com\/wp-content\/uploads\/2024\/03\/welcome-usa.png\u00bb title_text=\u00bbwelcome-usa\u00bb _builder_version=\u00bb4.9.10&#8243; _module_preset=\u00bbdefault\u00bb module_alignment=\u00bbcenter\u00bb][\/et_pb_fullwidth_image][\/et_pb_section][et_pb_section fb_built=\u00bb1&#8243; _builder_version=\u00bb4.9.10&#8243; _module_preset=\u00bbdefault\u00bb][et_pb_row _builder_version=\u00bb4.9.10&#8243; _module_preset=\u00bbdefault\u00bb][et_pb_column type=\u00bb4_4&#8243; _builder_version=\u00bb4.9.10&#8243; _module_preset=\u00bbdefault\u00bb][et_pb_text _builder_version=\u00bb4.9.10&#8243; _module_preset=\u00bbdefault\u00bb header_2_text_align=\u00bbcenter\u00bb header_2_font_size=\u00bb30px\u00bb header_4_text_align=\u00bbcenter\u00bb header_4_font_size=\u00bb20px\u00bb]<\/p>\n<h2 style=\"text-align: center;\">Welcome to HIP \u2764\ufe0f FIT<\/h2>\n<h4 style=\"text-align: center;\">A world where every training and competition is an opportunity to shine. Discover our exclusive selection and prepare to stand out on your path to fitness greatness.<\/h4>\n<h4 style=\"text-align: center;\">\u00a1It&#8217;s moment to shine!<\/h4>\n<p>[\/et_pb_text][et_pb_text disabled_on=\u00bbon|on|on\u00bb _builder_version=\u00bb4.9.10&#8243; _module_preset=\u00bbdefault\u00bb disabled=\u00bbon\u00bb]<\/p>\n<h2 style=\"text-align: center;\">Welcome to HIP \u2764\ufe0f FIT<\/h2>\n<h4 style=\"text-align: center;\">Prep\u00e1rate para destacar en cada entrenamiento y competici\u00f3n con nuestra selecci\u00f3n exclusiva.<\/h4>\n<h4 style=\"text-align: center;\">\u00a1Es momento de brillar!<\/h4>\n<p>[\/et_pb_text][et_pb_shop columns_number=\u00bb3&#8243; _builder_version=\u00bb4.9.10&#8243; _module_preset=\u00bbdefault\u00bb title_font=\u00bbKadwa||||||||\u00bb title_text_align=\u00bbcenter\u00bb title_text_color=\u00bb#d60d6c\u00bb title_font_size=\u00bb20px\u00bb price_font=\u00bbActor|700|||||||\u00bb price_text_align=\u00bbcenter\u00bb price_text_color=\u00bb#3d004c\u00bb price_font_size=\u00bb22px\u00bb hover_enabled=\u00bb0&#8243; border_radii_image=\u00bbon|10px|10px|10px|10px\u00bb icon_hover_color=\u00bbRGBA(0,0,0,0)\u00bb sticky_enabled=\u00bb0&#8243;][\/et_pb_shop][\/et_pb_column][\/et_pb_row][\/et_pb_section][et_pb_section fb_built=\u00bb1&#8243; fullwidth=\u00bbon\u00bb _builder_version=\u00bb4.9.10&#8243; _module_preset=\u00bbdefault\u00bb background_color=\u00bb#000000&#8243;][et_pb_fullwidth_image src=\u00bbhttps:\/\/hipfit-usa.com\/wp-content\/uploads\/2024\/03\/Barra.jpg\u00bb title_text=\u00bbBarra\u00bb _builder_version=\u00bb4.9.10&#8243; _module_preset=\u00bbdefault\u00bb width=\u00bb80%\u00bb max_width=\u00bb40%\u00bb max_width_tablet=\u00bb\u00bb max_width_phone=\u00bb\u00bb max_width_last_edited=\u00bbon|desktop\u00bb module_alignment=\u00bbcenter\u00bb][\/et_pb_fullwidth_image][\/et_pb_section]<\/p>\n","protected":false},"excerpt":{"rendered":"<p>Welcome to HIP \u2764\ufe0f FIT A world where every training and competition is an opportunity to shine. Discover our exclusive selection and prepare to stand out on your path to fitness greatness. \u00a1It&#8217;s moment to shine!Welcome to HIP \u2764\ufe0f FIT Prep\u00e1rate para destacar en cada entrenamiento y competici\u00f3n con nuestra selecci\u00f3n exclusiva. \u00a1Es momento de [&hellip;]<\/p>\n","protected":false},"author":1,"featured_media":40,"parent":0,"menu_order":0,"comment_status":"closed","ping_status":"closed","template":"","meta":{"_et_pb_use_builder":"on","_et_pb_old_content":"","_et_gb_content_width":"","footnotes":""},"class_list":["post-19","page","type-page","status-publish","has-post-thumbnail","hentry"],"yoast_head":"<!-- This site is optimized with the Yoast SEO plugin v27.4 - https:\/\/yoast.com\/product\/yoast-seo-wordpress\/ -->\n<title>Hip \u2764\ufe0f Fit | Exclusive fashion for fitness girls<\/title>\n<meta name=\"description\" content=\"It&#039;s moment to Shine at Hip\u2764\ufe0fFit we have the best fitness fashion brands for girls. No more clones in the gym,\" \/>\n<meta name=\"robots\" content=\"index, follow, max-snippet:-1, max-image-preview:large, max-video-preview:-1\" \/>\n<link rel=\"canonical\" href=\"https:\/\/hipfit-usa.com\/\" \/>\n<meta property=\"og:locale\" content=\"es_ES\" \/>\n<meta property=\"og:type\" content=\"article\" \/>\n<meta property=\"og:title\" content=\"Hip \u2764\ufe0f Fit | Exclusive fashion for fitness girls\" \/>\n<meta property=\"og:description\" content=\"It&#039;s moment to Shine at Hip\u2764\ufe0fFit we have the best fitness fashion brands for girls. No more clones in the gym,\" \/>\n<meta property=\"og:url\" content=\"https:\/\/hipfit-usa.com\/\" \/>\n<meta property=\"og:site_name\" content=\"Hip Fit\" \/>\n<meta property=\"article:modified_time\" content=\"2024-03-20T06:13:26+00:00\" \/>\n<meta property=\"og:image\" content=\"https:\/\/hipfit-usa.com\/wp-content\/uploads\/2024\/03\/hip-fit-footer.png\" \/>\n\t<meta property=\"og:image:width\" content=\"250\" \/>\n\t<meta property=\"og:image:height\" content=\"222\" \/>\n\t<meta property=\"og:image:type\" content=\"image\/png\" \/>\n<meta name=\"twitter:card\" content=\"summary_large_image\" \/>\n<meta name=\"twitter:label1\" content=\"Tiempo de lectura\" \/>\n\t<meta name=\"twitter:data1\" content=\"2 minutos\" \/>\n<script type=\"application\/ld+json\" class=\"yoast-schema-graph\">{\"@context\":\"https:\\\/\\\/schema.org\",\"@graph\":[{\"@type\":\"WebPage\",\"@id\":\"https:\\\/\\\/hipfit-usa.com\\\/\",\"url\":\"https:\\\/\\\/hipfit-usa.com\\\/\",\"name\":\"Hip \u2764\ufe0f Fit | Exclusive fashion for fitness girls\",\"isPartOf\":{\"@id\":\"https:\\\/\\\/hipfit-usa.com\\\/#website\"},\"primaryImageOfPage\":{\"@id\":\"https:\\\/\\\/hipfit-usa.com\\\/#primaryimage\"},\"image\":{\"@id\":\"https:\\\/\\\/hipfit-usa.com\\\/#primaryimage\"},\"thumbnailUrl\":\"https:\\\/\\\/hipfit-usa.com\\\/wp-content\\\/uploads\\\/2024\\\/03\\\/hip-fit-footer.png\",\"datePublished\":\"2024-03-19T22:54:53+00:00\",\"dateModified\":\"2024-03-20T06:13:26+00:00\",\"description\":\"It's moment to Shine at Hip\u2764\ufe0fFit we have the best fitness fashion brands for girls. No more clones in the gym,\",\"breadcrumb\":{\"@id\":\"https:\\\/\\\/hipfit-usa.com\\\/#breadcrumb\"},\"inLanguage\":\"es\",\"potentialAction\":[{\"@type\":\"ReadAction\",\"target\":[\"https:\\\/\\\/hipfit-usa.com\\\/\"]}]},{\"@type\":\"ImageObject\",\"inLanguage\":\"es\",\"@id\":\"https:\\\/\\\/hipfit-usa.com\\\/#primaryimage\",\"url\":\"https:\\\/\\\/hipfit-usa.com\\\/wp-content\\\/uploads\\\/2024\\\/03\\\/hip-fit-footer.png\",\"contentUrl\":\"https:\\\/\\\/hipfit-usa.com\\\/wp-content\\\/uploads\\\/2024\\\/03\\\/hip-fit-footer.png\",\"width\":250,\"height\":222},{\"@type\":\"BreadcrumbList\",\"@id\":\"https:\\\/\\\/hipfit-usa.com\\\/#breadcrumb\",\"itemListElement\":[{\"@type\":\"ListItem\",\"position\":1,\"name\":\"Home\",\"item\":\"https:\\\/\\\/hipfit-usa.com\\\/\"},{\"@type\":\"ListItem\",\"position\":2,\"name\":\"Home\"}]},{\"@type\":\"WebSite\",\"@id\":\"https:\\\/\\\/hipfit-usa.com\\\/#website\",\"url\":\"https:\\\/\\\/hipfit-usa.com\\\/\",\"name\":\"Hip Fit\",\"description\":\"it&#039;s moment to shine\",\"potentialAction\":[{\"@type\":\"SearchAction\",\"target\":{\"@type\":\"EntryPoint\",\"urlTemplate\":\"https:\\\/\\\/hipfit-usa.com\\\/?s={search_term_string}\"},\"query-input\":{\"@type\":\"PropertyValueSpecification\",\"valueRequired\":true,\"valueName\":\"search_term_string\"}}],\"inLanguage\":\"es\"}]}<\/script>\n<!-- \/ Yoast SEO plugin. -->","yoast_head_json":{"title":"Hip \u2764\ufe0f Fit | Exclusive fashion for fitness girls","description":"It's moment to Shine at Hip\u2764\ufe0fFit we have the best fitness fashion brands for girls. No more clones in the gym,","robots":{"index":"index","follow":"follow","max-snippet":"max-snippet:-1","max-image-preview":"max-image-preview:large","max-video-preview":"max-video-preview:-1"},"canonical":"https:\/\/hipfit-usa.com\/","og_locale":"es_ES","og_type":"article","og_title":"Hip \u2764\ufe0f Fit | Exclusive fashion for fitness girls","og_description":"It's moment to Shine at Hip\u2764\ufe0fFit we have the best fitness fashion brands for girls. No more clones in the gym,","og_url":"https:\/\/hipfit-usa.com\/","og_site_name":"Hip Fit","article_modified_time":"2024-03-20T06:13:26+00:00","og_image":[{"width":250,"height":222,"url":"https:\/\/hipfit-usa.com\/wp-content\/uploads\/2024\/03\/hip-fit-footer.png","type":"image\/png"}],"twitter_card":"summary_large_image","twitter_misc":{"Tiempo de lectura":"2 minutos"},"schema":{"@context":"https:\/\/schema.org","@graph":[{"@type":"WebPage","@id":"https:\/\/hipfit-usa.com\/","url":"https:\/\/hipfit-usa.com\/","name":"Hip \u2764\ufe0f Fit | Exclusive fashion for fitness girls","isPartOf":{"@id":"https:\/\/hipfit-usa.com\/#website"},"primaryImageOfPage":{"@id":"https:\/\/hipfit-usa.com\/#primaryimage"},"image":{"@id":"https:\/\/hipfit-usa.com\/#primaryimage"},"thumbnailUrl":"https:\/\/hipfit-usa.com\/wp-content\/uploads\/2024\/03\/hip-fit-footer.png","datePublished":"2024-03-19T22:54:53+00:00","dateModified":"2024-03-20T06:13:26+00:00","description":"It's moment to Shine at Hip\u2764\ufe0fFit we have the best fitness fashion brands for girls. No more clones in the gym,","breadcrumb":{"@id":"https:\/\/hipfit-usa.com\/#breadcrumb"},"inLanguage":"es","potentialAction":[{"@type":"ReadAction","target":["https:\/\/hipfit-usa.com\/"]}]},{"@type":"ImageObject","inLanguage":"es","@id":"https:\/\/hipfit-usa.com\/#primaryimage","url":"https:\/\/hipfit-usa.com\/wp-content\/uploads\/2024\/03\/hip-fit-footer.png","contentUrl":"https:\/\/hipfit-usa.com\/wp-content\/uploads\/2024\/03\/hip-fit-footer.png","width":250,"height":222},{"@type":"BreadcrumbList","@id":"https:\/\/hipfit-usa.com\/#breadcrumb","itemListElement":[{"@type":"ListItem","position":1,"name":"Home","item":"https:\/\/hipfit-usa.com\/"},{"@type":"ListItem","position":2,"name":"Home"}]},{"@type":"WebSite","@id":"https:\/\/hipfit-usa.com\/#website","url":"https:\/\/hipfit-usa.com\/","name":"Hip Fit","description":"it&#039;s moment to shine","potentialAction":[{"@type":"SearchAction","target":{"@type":"EntryPoint","urlTemplate":"https:\/\/hipfit-usa.com\/?s={search_term_string}"},"query-input":{"@type":"PropertyValueSpecification","valueRequired":true,"valueName":"search_term_string"}}],"inLanguage":"es"}]}},"jetpack_sharing_enabled":true,"_links":{"self":[{"href":"https:\/\/hipfit-usa.com\/index.php\/wp-json\/wp\/v2\/pages\/19","targetHints":{"allow":["GET"]}}],"collection":[{"href":"https:\/\/hipfit-usa.com\/index.php\/wp-json\/wp\/v2\/pages"}],"about":[{"href":"https:\/\/hipfit-usa.com\/index.php\/wp-json\/wp\/v2\/types\/page"}],"author":[{"embeddable":true,"href":"https:\/\/hipfit-usa.com\/index.php\/wp-json\/wp\/v2\/users\/1"}],"replies":[{"embeddable":true,"href":"https:\/\/hipfit-usa.com\/index.php\/wp-json\/wp\/v2\/comments?post=19"}],"version-history":[{"count":19,"href":"https:\/\/hipfit-usa.com\/index.php\/wp-json\/wp\/v2\/pages\/19\/revisions"}],"predecessor-version":[{"id":89,"href":"https:\/\/hipfit-usa.com\/index.php\/wp-json\/wp\/v2\/pages\/19\/revisions\/89"}],"wp:featuredmedia":[{"embeddable":true,"href":"https:\/\/hipfit-usa.com\/index.php\/wp-json\/wp\/v2\/media\/40"}],"wp:attachment":[{"href":"https:\/\/hipfit-usa.com\/index.php\/wp-json\/wp\/v2\/media?parent=19"}],"curies":[{"name":"wp","href":"https:\/\/api.w.org\/{rel}","templated":true}]}}